{"id":1851,"date":"2019-12-05T09:27:30","date_gmt":"2019-12-05T09:27:30","guid":{"rendered":"http:\/\/irecco.wgl-demo.net\/?page_id=3"},"modified":"2026-03-14T12:57:42","modified_gmt":"2026-03-14T11:57:42","slug":"privacy-policy","status":"publish","type":"page","link":"https:\/\/www.rubber-granules.com\/en\/privacy-policy\/","title":{"rendered":"Privacy Policy"},"content":{"rendered":"<h2><strong>Cookie<\/strong><\/h2>\r\n<p><strong>Cookie policy del sito web di Prismi srl<br \/><\/strong><\/p>\r\n<p>Benvenuto nel sito web di Prismi srl Ti invitiamo a leggere questa pagina che descrive quali tipi di cookie sono utilizzati nel sito di Prismi srl. Questa policy fornisce le indicazioni sull\u2019uso delle informazioni degli utenti.<\/p>\r\n<p><strong>I cookie: cosa sono e a cosa servono<\/strong><\/p>\r\n<p>I \u201c<strong><em>cookie<\/em><\/strong>\u201d sono piccoli file di testo che alcuni siti web inviano sul tuo computer o dispositivo mobile al momento in cui accedi a un determinato sito o ne utilizzi i servizi. Lo scopo \u00e8 quello di acquisire e trasportare informazioni. I cookie sono inviati dal server web (sul quale \u00e8 in esecuzione il sito visitato) al browser che stai utilizzando (Internet Explorer, Mozilla Firefox, Google Chrome, ecc.) e quindi memorizzati sul tuo computer.<br \/>Se ti interessa saperne di pi\u00f9 sui cookie visita la pagina <a href=\"https:\/\/www.cassacedam.it\/cookie-policy\/www.allaboutcookies.org\" target=\"_blank\" rel=\"noopener noreferrer\">www.allaboutcookies.org<\/a><br \/>In generale i cookie possono essere utilizzati per diverse ragioni, per esempio per misurare l\u2019utilizzo del sito da parte dei visitatori, migliorare la navigazione delle pagine, per consentire di impostare preferenze personali sui siti che si stanno visitando per proteggere la sicurezza dell\u2019utente, per visualizzare messaggi pubblicitari in base agli interessi dei visitatori.<\/p>\r\n<p><strong>I tipo di cookie che utilizziamo<\/strong><\/p>\r\n<p>Durante la navigazione in internet vengono registrate automaticamente alcune informazioni quali ad esempio: il nome del tuo provider di accesso alla rete Internet, il sito di provenienza, le pagine visitate, la durata della visita, etc. Tali informazioni saranno registrate in forma completamente anonima.<br \/>I cookie utilizzati dai nostri siti si possono classificare in base allo scopo perseguito come di seguito descritto:<\/p>\r\n<ul>\r\n<li><strong>Cookie\u00a0statici<br \/><\/strong>Sono utilizzati in forma aggregata per fini statistici del Sito e per monitorare, sempre in forma aggregata e mai individuale, quali pagine del Sito e quali Servizi siano maggiormente graditi dagli Utenti.<br \/>Questi cookies vengono utilizzati solo per aiutarci a migliorare come funziona il nostro sito e capire gli interessi dei nostri utenti.<br \/><strong><br \/><\/strong><\/li>\r\n<li><strong>Cookie\u00a0di sessione<br \/><\/strong>Sono utilizzati soltanto per consentire l\u2019accesso ad alcuni Servizi del Sito, vengono memorizzati per la durata della sessione di navigazione e quindi cancellati.<\/li>\r\n<\/ul>\r\n<p><strong>Informazioni sulla pubblicit\u00e0 comportamentale e come per proteggere la privacy su internet<\/strong><\/p>\r\n<p>Se non desideri che altre aziende raccolgano o usino le informazioni basate sulle tue attivit\u00e0 su siti Web, al fine di mostrarti le inserzioni, puoi disattivare l\u2019opzione per tutte le aziende mediante: la <a href=\"http:\/\/www.youronlinechoices.eu\/\" target=\"_blank\" rel=\"noopener noreferrer\">European Digital Advertising Alliance<\/a>\u00a0in Europa, la <a href=\"http:\/\/www.aboutads.info\/choices\/\" target=\"_blank\" rel=\"noopener noreferrer\">Digital Advertising Alliance<\/a> negli Stati Uniti, la <a href=\"http:\/\/youradchoices.ca\/\" target=\"_blank\" rel=\"noopener noreferrer\">Digital Advertising Alliance of Canada<\/a> in Canada. Puoi anche disattivarla usando le impostazioni del tuo dispositivo mobile.<br \/>Ad esempio in Europa puoi selezionare il tuo paese al link <a href=\"http:\/\/www.youronlinechoices.eu\/\" target=\"_blank\" rel=\"noopener noreferrer\">http:\/\/www.youronlinechoices.eu\/<\/a> e poi controllare le tue preferenze sulla pubblicit\u00e0 comportamentale online. Puoi disattivare o attivare tutte le societ\u00e0 o in alternativa regolare le tue preferenze individualmente per ogni societ\u00e0.<\/p>\r\n<p>Le informazioni ottenute da Prismi srl mediante i cookie non vengono usate per identificare gli utenti.<br \/>I cookie non sono utilizzati per finalit\u00e0 diverse da quelle sopra descritte.<\/p>\r\n<p><strong>Accettazione della presente policy<\/strong><\/p>\r\n<p>Continuando la navigazione nel sito web di Prismi srl accetti questa Cookie Policy e acconsenti all\u2019uso dei cookie in conformit\u00e0 a quanto descritto nella presente pagina.<br \/>Qualora decidessi di non accettarla ti invitiamo ad impostare il tuo browser di navigazione in modo appropriato oppure a non utilizzare il sito web di Prismi srl<br \/>Ti rammentiamo che la disattivazione di alcuni cookie pu\u00f2 influenzare la tua navigazione in internet.<\/p>\r\n<p><strong>Come controllare e cancellare i cookie<\/strong><\/p>\r\n<p>La maggioranza dei browser internet sono impostati per accettare i cookie in modo automatico.<br \/>Hai ha la possibilit\u00e0, in ogni momento, di impostare il browser in modo da accettare tutti i cookie, solo alcuni, oppure di rifiutarli, disabilitandone l\u2019uso da parte dei siti. Inoltre, puoi impostare le preferenze del browser in modo tale da essere avvisato ogni volta che un cookie viene memorizzato nella memoria del tuo computer.<br \/>Al termine di ogni sessione di navigazione, \u00e8 possibile cancellare dal disco fisso i cookie raccolti.<br \/>Per eliminare i cookie installati nella cartella dei cookie del browser utilizzato, ciascun browser presenta procedure diverse per la gestione delle impostazioni.<br \/>Selezionando i collegamenti sottostanti si possono ottenere istruzioni specifiche per alcuni dei principali browser:<\/p>\r\n<p><a href=\"http:\/\/www.microsoft.com\/privacystatement\/it-it\/core\/default.aspx\" target=\"_blank\" rel=\"noopener noreferrer\"><strong>Microsoft Windows Explorer<\/strong><\/a><\/p>\r\n<p><a href=\"https:\/\/support.google.com\/chrome\/answer\/95647?hl=it\" target=\"_blank\" rel=\"noopener noreferrer\"><strong>Google Chrome<\/strong><\/a><\/p>\r\n<p><strong><a href=\"https:\/\/support.mozilla.org\/it\/kb\/Attivare%20e%20disattivare%20i%20cookie\" target=\"_blank\" rel=\"noopener noreferrer\">Mozilla Firefox<\/a><\/strong><\/p>\r\n<p><strong><a href=\"https:\/\/support.apple.com\/it-it\/HT201265\" target=\"_blank\" rel=\"noopener noreferrer\">Apple Safari<\/a><\/strong><\/p>\r\n<p><b>Titolare del trattamento dei dati<\/b><\/p>\r\n<p>Prismi srl <br \/>info@prismi.it<\/p>\r\n<p>Dal momento che l\u2019installazione di Cookie e di altri sistemi di tracciamento operata da terze parti tramite i servizi utilizzati all\u2019interno di questa Applicazione non pu\u00f2 essere tecnicamente controllata dal Titolare, ogni riferimento specifico a Cookie e sistemi di tracciamento installati da terze parti \u00e8 da considerarsi indicativo. Per ottenere informazioni complete, consulta la privacy policy degli eventuali servizi terzi elencati in questo documento.<\/p>\r\n<p>Vista l\u2019oggettiva complessit\u00e0 legata all\u2019identificazione delle tecnologie basate sui Cookie ed alla loro integrazione molto stretta con il funzionamento del web, l\u2019Utente \u00e8 invitato a contattare il Titolare qualora volesse ricevere qualunque approfondimento relativo all\u2019utilizzo dei Cookie stessi e ad eventuali utilizzi degli stessi \u2013 ad esempio ad opera di terzi \u2013 effettuati tramite questo sito.<\/p>\r\n","protected":false},"excerpt":{"rendered":"<p>Cookie Cookie policy del sito web di Prismi srl Benvenuto nel sito web di Prismi srl Ti invitiamo a leggere questa pagina che descrive quali tipi di cookie sono utilizzati nel sito di Prismi srl. Questa policy fornisce le indicazioni sull\u2019uso delle informazioni degli utenti. I cookie: cosa sono e a cosa servono I \u201ccookie\u201d [&hellip;]<\/p>\n","protected":false},"author":1,"featured_media":0,"parent":0,"menu_order":0,"comment_status":"closed","ping_status":"open","template":"","meta":{"footnotes":""},"class_list":["post-1851","page","type-page","status-publish","hentry"],"_links":{"self":[{"href":"https:\/\/www.rubber-granules.com\/en\/wp-json\/wp\/v2\/pages\/1851","targetHints":{"allow":["GET"]}}],"collection":[{"href":"https:\/\/www.rubber-granules.com\/en\/wp-json\/wp\/v2\/pages"}],"about":[{"href":"https:\/\/www.rubber-granules.com\/en\/wp-json\/wp\/v2\/types\/page"}],"author":[{"embeddable":true,"href":"https:\/\/www.rubber-granules.com\/en\/wp-json\/wp\/v2\/users\/1"}],"replies":[{"embeddable":true,"href":"https:\/\/www.rubber-granules.com\/en\/wp-json\/wp\/v2\/comments?post=1851"}],"version-history":[{"count":1,"href":"https:\/\/www.rubber-granules.com\/en\/wp-json\/wp\/v2\/pages\/1851\/revisions"}],"predecessor-version":[{"id":4365,"href":"https:\/\/www.rubber-granules.com\/en\/wp-json\/wp\/v2\/pages\/1851\/revisions\/4365"}],"wp:attachment":[{"href":"https:\/\/www.rubber-granules.com\/en\/wp-json\/wp\/v2\/media?parent=1851"}],"curies":[{"name":"wp","href":"https:\/\/api.w.org\/{rel}","templated":true}]}}