{"id":4425,"date":"2020-04-26T11:05:00","date_gmt":"2020-04-26T09:05:00","guid":{"rendered":"https:\/\/www.rubber-granules.com\/?page_id=4425"},"modified":"2026-04-02T22:20:00","modified_gmt":"2026-04-02T20:20:00","slug":"construction-terrains-jeux","status":"publish","type":"page","link":"https:\/\/www.rubber-granules.com\/fr\/construction-terrains-jeux\/","title":{"rendered":"PARC DE JEUX EN CONSTRUCTION"},"content":{"rendered":"\t\t<div data-elementor-type=\"wp-page\" data-elementor-id=\"4425\" class=\"elementor elementor-4425 elementor-2678\">\n\t\t\t\t\t\t<section class=\"elementor-section elementor-top-section elementor-element elementor-element-ecd5b87 elementor-section-boxed elementor-section-height-default elementor-section-height-default\" data-id=\"ecd5b87\" data-element_type=\"section\">\n\t\t\t\t\t\t<div class=\"elementor-container elementor-column-gap-default\">\n\t\t\t\t\t<div class=\"elementor-column elementor-col-100 elementor-top-column elementor-element elementor-element-ba72794\" data-id=\"ba72794\" data-element_type=\"column\">\n\t\t\t<div class=\"elementor-widget-wrap elementor-element-populated\">\n\t\t\t\t\t\t<div class=\"elementor-element elementor-element-05f3cd5 elementor-widget elementor-widget-heading\" data-id=\"05f3cd5\" data-element_type=\"widget\" data-widget_type=\"heading.default\">\n\t\t\t\t<div class=\"elementor-widget-container\">\n\t\t\t\t\t<h1 class=\"elementor-heading-title elementor-size-default\">PARC DE JEUX EN CONSTRUCTION... LE PRODUIT POUR LE TOP N\u2019EST PAS SUFFISANT!  <\/h1>\t\t\t\t<\/div>\n\t\t\t\t<\/div>\n\t\t\t\t\t<\/div>\n\t\t<\/div>\n\t\t\t\t\t<\/div>\n\t\t<\/section>\n\t\t\t\t<section class=\"elementor-section elementor-top-section elementor-element elementor-element-20f0b21 elementor-section-boxed elementor-section-height-default elementor-section-height-default\" data-id=\"20f0b21\" data-element_type=\"section\">\n\t\t\t\t\t\t<div class=\"elementor-container elementor-column-gap-default\">\n\t\t\t\t\t<div class=\"elementor-column elementor-col-100 elementor-top-column elementor-element elementor-element-1e89332\" data-id=\"1e89332\" data-element_type=\"column\">\n\t\t\t<div class=\"elementor-widget-wrap elementor-element-populated\">\n\t\t\t\t\t\t<div class=\"elementor-element elementor-element-ebe157a elementor-widget elementor-widget-spacer\" data-id=\"ebe157a\" data-element_type=\"widget\" data-widget_type=\"spacer.default\">\n\t\t\t\t<div class=\"elementor-widget-container\">\n\t\t\t\t\t\t\t<div class=\"elementor-spacer\">\n\t\t\t<div class=\"elementor-spacer-inner\"><\/div>\n\t\t<\/div>\n\t\t\t\t\t\t<\/div>\n\t\t\t\t<\/div>\n\t\t\t\t\t<\/div>\n\t\t<\/div>\n\t\t\t\t\t<\/div>\n\t\t<\/section>\n\t\t\t\t<section class=\"elementor-section elementor-top-section elementor-element elementor-element-78b995d elementor-section-boxed elementor-section-height-default elementor-section-height-default\" data-id=\"78b995d\" data-element_type=\"section\">\n\t\t\t\t\t\t<div class=\"elementor-container elementor-column-gap-default\">\n\t\t\t\t\t<div class=\"elementor-column elementor-col-50 elementor-top-column elementor-element elementor-element-c419991\" data-id=\"c419991\" data-element_type=\"column\">\n\t\t\t<div class=\"elementor-widget-wrap elementor-element-populated\">\n\t\t\t\t\t\t<div class=\"elementor-element elementor-element-6538ad5 elementor-widget elementor-widget-image\" data-id=\"6538ad5\" data-element_type=\"widget\" data-widget_type=\"image.default\">\n\t\t\t\t<div class=\"elementor-widget-container\">\n\t\t\t\t\t\t\t\t\t\t\t\t\t\t\t<img fetchpriority=\"high\" decoding=\"async\" width=\"859\" height=\"537\" src=\"https:\/\/www.rubber-granules.com\/wp-content\/uploads\/2020\/04\/CASO-2-0.jpg\" class=\"attachment-large size-large wp-image-4428\" alt=\"parco giochi colato in opera inserimento colore giallo\" srcset=\"https:\/\/www.rubber-granules.com\/wp-content\/uploads\/2020\/04\/CASO-2-0.jpg 859w, https:\/\/www.rubber-granules.com\/wp-content\/uploads\/2020\/04\/CASO-2-0-300x188.jpg 300w, https:\/\/www.rubber-granules.com\/wp-content\/uploads\/2020\/04\/CASO-2-0-768x480.jpg 768w\" sizes=\"(max-width: 859px) 100vw, 859px\" \/>\t\t\t\t\t\t\t\t\t\t\t\t\t\t\t<\/div>\n\t\t\t\t<\/div>\n\t\t\t\t\t<\/div>\n\t\t<\/div>\n\t\t\t\t<div class=\"elementor-column elementor-col-50 elementor-top-column elementor-element elementor-element-56f6d38\" data-id=\"56f6d38\" data-element_type=\"column\">\n\t\t\t<div class=\"elementor-widget-wrap elementor-element-populated\">\n\t\t\t\t\t\t<div class=\"elementor-element elementor-element-cfe0aad elementor-widget elementor-widget-text-editor\" data-id=\"cfe0aad\" data-element_type=\"widget\" data-widget_type=\"text-editor.default\">\n\t\t\t\t<div class=\"elementor-widget-container\">\n\t\t\t\t\t\t\t\t\t<p>L\u2019\u00e9pisode que nous raconterons dans cette \u00e9tude de cas est un \u00e9v\u00e9nement qui arrive \u00e0 de nombreux installateurs toujours en proie \u00e0 des retards pour les conditions atmosph\u00e9riques d&#8217;installation et donc \u00e0 la r\u00e9duction du temps d&#8217;installation des coul\u00e9es dans lesquelles les administrations publiques ne connaissant pas les aspects techniques pr\u00e9tendent que la date de fin des travaux soit respect\u00e9e. <br \/>Un calcul trop pr\u00e9cis de la surface, une certaine diff\u00e9rence de niveau qui doit \u00eatre r\u00e9cup\u00e9r\u00e9e, quelque chose a \u00e9t\u00e9 perdu dans le m\u00e9lange et voil\u00e0\u2026 la couleur d&#8217;un produit de finition manque!<\/p>\t\t\t\t\t\t\t\t<\/div>\n\t\t\t\t<\/div>\n\t\t\t\t\t<\/div>\n\t\t<\/div>\n\t\t\t\t\t<\/div>\n\t\t<\/section>\n\t\t\t\t<section class=\"elementor-section elementor-top-section elementor-element elementor-element-72de88d elementor-section-boxed elementor-section-height-default elementor-section-height-default\" data-id=\"72de88d\" data-element_type=\"section\">\n\t\t\t\t\t\t<div class=\"elementor-container elementor-column-gap-default\">\n\t\t\t\t\t<div class=\"elementor-column elementor-col-100 elementor-top-column elementor-element elementor-element-70c85b8\" data-id=\"70c85b8\" data-element_type=\"column\">\n\t\t\t<div class=\"elementor-widget-wrap elementor-element-populated\">\n\t\t\t\t\t\t<div class=\"elementor-element elementor-element-8a0adba elementor-widget elementor-widget-spacer\" data-id=\"8a0adba\" data-element_type=\"widget\" data-widget_type=\"spacer.default\">\n\t\t\t\t<div class=\"elementor-widget-container\">\n\t\t\t\t\t\t\t<div class=\"elementor-spacer\">\n\t\t\t<div class=\"elementor-spacer-inner\"><\/div>\n\t\t<\/div>\n\t\t\t\t\t\t<\/div>\n\t\t\t\t<\/div>\n\t\t\t\t\t<\/div>\n\t\t<\/div>\n\t\t\t\t\t<\/div>\n\t\t<\/section>\n\t\t\t\t<section class=\"elementor-section elementor-top-section elementor-element elementor-element-a700db3 elementor-section-boxed elementor-section-height-default elementor-section-height-default\" data-id=\"a700db3\" data-element_type=\"section\">\n\t\t\t\t\t\t<div class=\"elementor-container elementor-column-gap-default\">\n\t\t\t\t\t<div class=\"elementor-column elementor-col-50 elementor-top-column elementor-element elementor-element-645f9be\" data-id=\"645f9be\" data-element_type=\"column\">\n\t\t\t<div class=\"elementor-widget-wrap elementor-element-populated\">\n\t\t\t\t\t\t<div class=\"elementor-element elementor-element-31f9095 elementor-widget elementor-widget-heading\" data-id=\"31f9095\" data-element_type=\"widget\" data-widget_type=\"heading.default\">\n\t\t\t\t<div class=\"elementor-widget-container\">\n\t\t\t\t\t<h2 class=\"elementor-heading-title elementor-size-default\">\u00c9quipe technique et solutions<\/h2>\t\t\t\t<\/div>\n\t\t\t\t<\/div>\n\t\t\t\t<div class=\"elementor-element elementor-element-eb48f21 elementor-widget elementor-widget-text-editor\" data-id=\"eb48f21\" data-element_type=\"widget\" data-widget_type=\"text-editor.default\">\n\t\t\t\t<div class=\"elementor-widget-container\">\n\t\t\t\t\t\t\t\t\t<p>Ce sont des cas o\u00f9 il faut avoir le sang froid dans la gestion de la situation car tous les installateurs savent que le produit \u00e9pandu est en train de s\u00e9cher et que la r\u00e9cup\u00e9ration de la surface avec le m\u00eame produit n&#8217;aura pas la m\u00eame couleur une fois l&#8217;installation termin\u00e9e. <br \/>Une rapide consultation avec notre personnel et ils d\u00e9cident de rem\u00e9dier au probl\u00e8me en l\u2019alternant avec une autre couleur cr\u00e9ant ainsi une forme diff\u00e9rente; une fois notifi\u00e9 et autoris\u00e9 par le bureau technique municipal, il a \u00e9t\u00e9 possible de proc\u00e9der \u00e0 l&#8217;installation avec un patchwork de couleur qui a garantit malgr\u00e8 tout un bel aspect. <a href=\"https:\/\/www.rubber-granules.com\/fr\/portfolio\/caoutchouc-coule-en-place\/\" target=\"_blank\" rel=\"noopener\"><strong>D\u00e9couvrez les produits PLAY RUBBER<\/strong><\/a> sur la page d\u00e9di\u00e9e<\/p>\t\t\t\t\t\t\t\t<\/div>\n\t\t\t\t<\/div>\n\t\t\t\t\t<\/div>\n\t\t<\/div>\n\t\t\t\t<div class=\"elementor-column elementor-col-50 elementor-top-column elementor-element elementor-element-7285533\" data-id=\"7285533\" data-element_type=\"column\">\n\t\t\t<div class=\"elementor-widget-wrap elementor-element-populated\">\n\t\t\t\t\t\t<div class=\"elementor-element elementor-element-0352031 elementor-widget elementor-widget-image\" data-id=\"0352031\" data-element_type=\"widget\" data-widget_type=\"image.default\">\n\t\t\t\t<div class=\"elementor-widget-container\">\n\t\t\t\t\t\t\t\t\t\t\t\t\t\t\t<img decoding=\"async\" width=\"957\" height=\"599\" src=\"https:\/\/www.rubber-granules.com\/wp-content\/uploads\/2020\/04\/CASO-2-1.jpg\" class=\"attachment-large size-large wp-image-4429\" alt=\"parco giochi colato in opera inserimento colore giallo\" srcset=\"https:\/\/www.rubber-granules.com\/wp-content\/uploads\/2020\/04\/CASO-2-1.jpg 957w, https:\/\/www.rubber-granules.com\/wp-content\/uploads\/2020\/04\/CASO-2-1-300x188.jpg 300w, https:\/\/www.rubber-granules.com\/wp-content\/uploads\/2020\/04\/CASO-2-1-768x481.jpg 768w\" sizes=\"(max-width: 957px) 100vw, 957px\" \/>\t\t\t\t\t\t\t\t\t\t\t\t\t\t\t<\/div>\n\t\t\t\t<\/div>\n\t\t\t\t\t<\/div>\n\t\t<\/div>\n\t\t\t\t\t<\/div>\n\t\t<\/section>\n\t\t\t\t<\/div>\n\t\t","protected":false},"excerpt":{"rendered":"<p>PARC DE JEUX EN CONSTRUCTION&#8230; LE PRODUIT POUR LE TOP N\u2019EST PAS SUFFISANT! L\u2019\u00e9pisode que nous raconterons dans cette \u00e9tude de cas est un \u00e9v\u00e9nement qui arrive \u00e0 de nombreux installateurs toujours en proie \u00e0 des retards pour les conditions atmosph\u00e9riques d&#8217;installation et donc \u00e0 la r\u00e9duction du temps d&#8217;installation des coul\u00e9es dans lesquelles les [&hellip;]<\/p>\n","protected":false},"author":1,"featured_media":0,"parent":0,"menu_order":0,"comment_status":"closed","ping_status":"closed","template":"elementor_header_footer","meta":{"footnotes":""},"class_list":["post-4425","page","type-page","status-publish","hentry"],"_links":{"self":[{"href":"https:\/\/www.rubber-granules.com\/fr\/wp-json\/wp\/v2\/pages\/4425","targetHints":{"allow":["GET"]}}],"collection":[{"href":"https:\/\/www.rubber-granules.com\/fr\/wp-json\/wp\/v2\/pages"}],"about":[{"href":"https:\/\/www.rubber-granules.com\/fr\/wp-json\/wp\/v2\/types\/page"}],"author":[{"embeddable":true,"href":"https:\/\/www.rubber-granules.com\/fr\/wp-json\/wp\/v2\/users\/1"}],"replies":[{"embeddable":true,"href":"https:\/\/www.rubber-granules.com\/fr\/wp-json\/wp\/v2\/comments?post=4425"}],"version-history":[{"count":10,"href":"https:\/\/www.rubber-granules.com\/fr\/wp-json\/wp\/v2\/pages\/4425\/revisions"}],"predecessor-version":[{"id":8775,"href":"https:\/\/www.rubber-granules.com\/fr\/wp-json\/wp\/v2\/pages\/4425\/revisions\/8775"}],"wp:attachment":[{"href":"https:\/\/www.rubber-granules.com\/fr\/wp-json\/wp\/v2\/media?parent=4425"}],"curies":[{"name":"wp","href":"https:\/\/api.w.org\/{rel}","templated":true}]}}