{"id":4431,"date":"2020-04-26T11:08:00","date_gmt":"2020-04-26T09:08:00","guid":{"rendered":"https:\/\/www.rubber-granules.com\/?page_id=4431"},"modified":"2026-03-14T12:48:03","modified_gmt":"2026-03-14T11:48:03","slug":"problemes-remplissage-organiques-pluieintaso-organico","status":"publish","type":"page","link":"https:\/\/www.rubber-granules.com\/fr\/problemes-remplissage-organiques-pluieintaso-organico\/","title":{"rendered":"REMPLISSAGE ORGANIQUE"},"content":{"rendered":"\t\t<div data-elementor-type=\"wp-page\" data-elementor-id=\"4431\" class=\"elementor elementor-4431 elementor-2684\">\n\t\t\t\t\t\t<section class=\"elementor-section elementor-top-section elementor-element elementor-element-af9958f elementor-section-boxed elementor-section-height-default elementor-section-height-default\" data-id=\"af9958f\" data-element_type=\"section\">\n\t\t\t\t\t\t<div class=\"elementor-container elementor-column-gap-default\">\n\t\t\t\t\t<div class=\"elementor-column elementor-col-100 elementor-top-column elementor-element elementor-element-23ffcdd\" data-id=\"23ffcdd\" data-element_type=\"column\">\n\t\t\t<div class=\"elementor-widget-wrap elementor-element-populated\">\n\t\t\t\t\t\t<div class=\"elementor-element elementor-element-f0b26e3 elementor-widget elementor-widget-heading\" data-id=\"f0b26e3\" data-element_type=\"widget\" data-widget_type=\"heading.default\">\n\t\t\t\t<div class=\"elementor-widget-container\">\n\t\t\t\t\t<h2 class=\"elementor-heading-title elementor-size-default\">REMPLISSAGE ORGANIQUE AVEC LE PROBL\u00c8ME DE PLUIE<\/h2>\t\t\t\t<\/div>\n\t\t\t\t<\/div>\n\t\t\t\t\t<\/div>\n\t\t<\/div>\n\t\t\t\t\t<\/div>\n\t\t<\/section>\n\t\t\t\t<section class=\"elementor-section elementor-top-section elementor-element elementor-element-c8d1c80 elementor-section-boxed elementor-section-height-default elementor-section-height-default\" data-id=\"c8d1c80\" data-element_type=\"section\">\n\t\t\t\t\t\t<div class=\"elementor-container elementor-column-gap-default\">\n\t\t\t\t\t<div class=\"elementor-column elementor-col-100 elementor-top-column elementor-element elementor-element-e7e11e5\" data-id=\"e7e11e5\" data-element_type=\"column\">\n\t\t\t<div class=\"elementor-widget-wrap elementor-element-populated\">\n\t\t\t\t\t\t<div class=\"elementor-element elementor-element-282cc0b elementor-widget elementor-widget-spacer\" data-id=\"282cc0b\" data-element_type=\"widget\" data-widget_type=\"spacer.default\">\n\t\t\t\t<div class=\"elementor-widget-container\">\n\t\t\t\t\t\t\t<div class=\"elementor-spacer\">\n\t\t\t<div class=\"elementor-spacer-inner\"><\/div>\n\t\t<\/div>\n\t\t\t\t\t\t<\/div>\n\t\t\t\t<\/div>\n\t\t\t\t\t<\/div>\n\t\t<\/div>\n\t\t\t\t\t<\/div>\n\t\t<\/section>\n\t\t\t\t<section class=\"elementor-section elementor-top-section elementor-element elementor-element-c2c3b34 elementor-section-boxed elementor-section-height-default elementor-section-height-default\" data-id=\"c2c3b34\" data-element_type=\"section\">\n\t\t\t\t\t\t<div class=\"elementor-container elementor-column-gap-default\">\n\t\t\t\t\t<div class=\"elementor-column elementor-col-50 elementor-top-column elementor-element elementor-element-30f880a\" data-id=\"30f880a\" data-element_type=\"column\">\n\t\t\t<div class=\"elementor-widget-wrap elementor-element-populated\">\n\t\t\t\t\t\t<div class=\"elementor-element elementor-element-72e13ed elementor-widget elementor-widget-image\" data-id=\"72e13ed\" data-element_type=\"widget\" data-widget_type=\"image.default\">\n\t\t\t\t<div class=\"elementor-widget-container\">\n\t\t\t\t\t\t\t\t\t\t\t\t\t\t\t<img fetchpriority=\"high\" decoding=\"async\" width=\"259\" height=\"194\" src=\"https:\/\/www.rubber-granules.com\/wp-content\/uploads\/2020\/04\/CASO-3-0.jpg\" class=\"attachment-large size-large wp-image-4434\" alt=\"organico difettoso da sostituire\" \/>\t\t\t\t\t\t\t\t\t\t\t\t\t\t\t<\/div>\n\t\t\t\t<\/div>\n\t\t\t\t\t<\/div>\n\t\t<\/div>\n\t\t\t\t<div class=\"elementor-column elementor-col-50 elementor-top-column elementor-element elementor-element-45b83b7\" data-id=\"45b83b7\" data-element_type=\"column\">\n\t\t\t<div class=\"elementor-widget-wrap elementor-element-populated\">\n\t\t\t\t\t\t<div class=\"elementor-element elementor-element-6daebd0 elementor-widget elementor-widget-text-editor\" data-id=\"6daebd0\" data-element_type=\"widget\" data-widget_type=\"text-editor.default\">\n\t\t\t\t<div class=\"elementor-widget-container\">\n\t\t\t\t\t\t\t\t\t<p>Dans cette \u00e9tude de cas, nous examinerons un probl\u00e8me commun \u00e0 de nombreux terrains en Italie o\u00f9 d\u00e9sormais chacun est pr\u00eat \u00e0 tout pour accro\u00eetre la concurrence commerciale dans le secteur de l&#8217;herbe synth\u00e9tique. <br \/>Tout le monde sait que le gazon synth\u00e9tique est d\u00e9sormais un produit presque identique parmi tous les producteurs mondiaux du simple fait que le plus grand producteur de fil d\u00e9tient 70% du march\u00e9 mondial. Cela signifie que les diff\u00e9rences entre un produit europ\u00e9en et un produit asiatique doivent \u00eatre consid\u00e9r\u00e9es comme quasi inexistantes; ainsi&#8230; comment les diff\u00e9rents producteurs de gazon artificiel et les propri\u00e9taires de syst\u00e8mes peuvent-ils rivaliser? R\u00e9ponse tr\u00e8s simple, apr\u00e8s l\u2019\u00e9vident prix \u00e9conomique du kit au m\u00e8tre carr\u00e9, il ne reste qu\u2019\u00e0 se d\u00e9fier sur les prestations du remplissage! <br \/>Dans le monde du colmatage, nous avons vu l\u2019utilisation d\u2019une multitude de mat\u00e9riel divers sur les terrains synth\u00e9tiques: du d\u00e9chet plastique \u00e0 base de PVC issu du broyage de c\u00e2bles \u00e9lectrique, aux d\u00e9chets v\u00e9g\u00e9taux tels que les grains de riz, en passant par des m\u00e9langes de tourbe organique contenant les fibres de noix de cocco, les bouchons de li\u00e8ge, et vu que le caoutchouc est \u00e9galement organique, il est par la m\u00eame introduit dans le m\u00e9lange sous forme de thermoplastiques. Bref, des cocktails incroyables qui ne prennent en aucun cas en compte les impacts environnementaux et les co\u00fbts de maintenance.<\/p>\t\t\t\t\t\t\t\t<\/div>\n\t\t\t\t<\/div>\n\t\t\t\t\t<\/div>\n\t\t<\/div>\n\t\t\t\t\t<\/div>\n\t\t<\/section>\n\t\t\t\t<section class=\"elementor-section elementor-top-section elementor-element elementor-element-b1cf035 elementor-section-boxed elementor-section-height-default elementor-section-height-default\" data-id=\"b1cf035\" data-element_type=\"section\">\n\t\t\t\t\t\t<div class=\"elementor-container elementor-column-gap-default\">\n\t\t\t\t\t<div class=\"elementor-column elementor-col-50 elementor-top-column elementor-element elementor-element-ab765f8\" data-id=\"ab765f8\" data-element_type=\"column\">\n\t\t\t<div class=\"elementor-widget-wrap elementor-element-populated\">\n\t\t\t\t\t\t<div class=\"elementor-element elementor-element-ef9447f elementor-widget elementor-widget-text-editor\" data-id=\"ef9447f\" data-element_type=\"widget\" data-widget_type=\"text-editor.default\">\n\t\t\t\t<div class=\"elementor-widget-container\">\n\t\t\t\t\t\t\t\t\t<p>L&#8217;exemple en photo montre l&#8217;effet d&#8217;un remplissage organique, dont nous restons anonymes sur sa composition de m\u00e9lange, sp\u00e9cifiant seulement que tous les remplissages \u00e0 base de plantes ont des poids sp\u00e9cifiques inf\u00e9rieurs \u00e0 l&#8217;eau et ils ont donc tendance \u00e0 flotter; si une forte pluie surgit peu de temps avant l\u2019entretien p\u00e9riodique habituel pour \u00e9lever le remplissage organique compact\u00e9, environ 30% du volume de remplissage se d\u00e9placera sur le manteau synth\u00e9tique et par la suite il se jettera dans le drain de p\u00e9rim\u00e8tre en l\u2019obstruant.<\/p>\t\t\t\t\t\t\t\t<\/div>\n\t\t\t\t<\/div>\n\t\t\t\t\t<\/div>\n\t\t<\/div>\n\t\t\t\t<div class=\"elementor-column elementor-col-50 elementor-top-column elementor-element elementor-element-a6ee17a\" data-id=\"a6ee17a\" data-element_type=\"column\">\n\t\t\t<div class=\"elementor-widget-wrap elementor-element-populated\">\n\t\t\t\t\t\t<div class=\"elementor-element elementor-element-c7d84ae elementor-widget elementor-widget-image\" data-id=\"c7d84ae\" data-element_type=\"widget\" data-widget_type=\"image.default\">\n\t\t\t\t<div class=\"elementor-widget-container\">\n\t\t\t\t\t\t\t\t\t\t\t\t\t\t\t<img decoding=\"async\" width=\"320\" height=\"218\" src=\"https:\/\/www.rubber-granules.com\/wp-content\/uploads\/2020\/04\/CASO-3-1.jpg\" class=\"attachment-large size-large wp-image-4435\" alt=\"organico difettoso da sostituire\" srcset=\"https:\/\/www.rubber-granules.com\/wp-content\/uploads\/2020\/04\/CASO-3-1.jpg 320w, https:\/\/www.rubber-granules.com\/wp-content\/uploads\/2020\/04\/CASO-3-1-300x204.jpg 300w\" sizes=\"(max-width: 320px) 100vw, 320px\" \/>\t\t\t\t\t\t\t\t\t\t\t\t\t\t\t<\/div>\n\t\t\t\t<\/div>\n\t\t\t\t\t<\/div>\n\t\t<\/div>\n\t\t\t\t\t<\/div>\n\t\t<\/section>\n\t\t\t\t<section class=\"elementor-section elementor-top-section elementor-element elementor-element-80ae06c elementor-section-boxed elementor-section-height-default elementor-section-height-default\" data-id=\"80ae06c\" data-element_type=\"section\">\n\t\t\t\t\t\t<div class=\"elementor-container elementor-column-gap-default\">\n\t\t\t\t\t<div class=\"elementor-column elementor-col-100 elementor-top-column elementor-element elementor-element-cce8758\" data-id=\"cce8758\" data-element_type=\"column\">\n\t\t\t<div class=\"elementor-widget-wrap elementor-element-populated\">\n\t\t\t\t\t\t<div class=\"elementor-element elementor-element-2e90d09 elementor-widget elementor-widget-heading\" data-id=\"2e90d09\" data-element_type=\"widget\" data-widget_type=\"heading.default\">\n\t\t\t\t<div class=\"elementor-widget-container\">\n\t\t\t\t\t<h2 class=\"elementor-heading-title elementor-size-default\">S\u00e9quence de restauration compl\u00e8te<\/h2>\t\t\t\t<\/div>\n\t\t\t\t<\/div>\n\t\t\t\t\t<\/div>\n\t\t<\/div>\n\t\t\t\t\t<\/div>\n\t\t<\/section>\n\t\t\t\t<section class=\"elementor-section elementor-top-section elementor-element elementor-element-753e17f elementor-section-boxed elementor-section-height-default elementor-section-height-default\" data-id=\"753e17f\" data-element_type=\"section\">\n\t\t\t\t\t\t<div class=\"elementor-container elementor-column-gap-default\">\n\t\t\t\t\t<div class=\"elementor-column elementor-col-100 elementor-top-column elementor-element elementor-element-b77d529\" data-id=\"b77d529\" data-element_type=\"column\">\n\t\t\t<div class=\"elementor-widget-wrap elementor-element-populated\">\n\t\t\t\t\t\t<div class=\"elementor-element elementor-element-37f53ea elementor-widget elementor-widget-spacer\" data-id=\"37f53ea\" data-element_type=\"widget\" data-widget_type=\"spacer.default\">\n\t\t\t\t<div class=\"elementor-widget-container\">\n\t\t\t\t\t\t\t<div class=\"elementor-spacer\">\n\t\t\t<div class=\"elementor-spacer-inner\"><\/div>\n\t\t<\/div>\n\t\t\t\t\t\t<\/div>\n\t\t\t\t<\/div>\n\t\t\t\t\t<\/div>\n\t\t<\/div>\n\t\t\t\t\t<\/div>\n\t\t<\/section>\n\t\t\t\t<section class=\"elementor-section elementor-top-section elementor-element elementor-element-2420a21 elementor-section-boxed elementor-section-height-default elementor-section-height-default\" data-id=\"2420a21\" data-element_type=\"section\">\n\t\t\t\t\t\t<div class=\"elementor-container elementor-column-gap-default\">\n\t\t\t\t\t<div class=\"elementor-column elementor-col-33 elementor-top-column elementor-element elementor-element-abb54ea\" data-id=\"abb54ea\" data-element_type=\"column\">\n\t\t\t<div class=\"elementor-widget-wrap elementor-element-populated\">\n\t\t\t\t\t\t<div class=\"elementor-element elementor-element-c38e2a3 elementor-widget elementor-widget-image\" data-id=\"c38e2a3\" data-element_type=\"widget\" data-widget_type=\"image.default\">\n\t\t\t\t<div class=\"elementor-widget-container\">\n\t\t\t\t\t\t\t\t\t\t\t\t\t\t\t<img decoding=\"async\" width=\"960\" height=\"540\" src=\"https:\/\/www.rubber-granules.com\/wp-content\/uploads\/2020\/04\/CASO-3-2.jpg\" class=\"attachment-large size-large wp-image-4438\" alt=\"sostituzione organico con intaso gomma marrone\" srcset=\"https:\/\/www.rubber-granules.com\/wp-content\/uploads\/2020\/04\/CASO-3-2.jpg 960w, https:\/\/www.rubber-granules.com\/wp-content\/uploads\/2020\/04\/CASO-3-2-300x169.jpg 300w, https:\/\/www.rubber-granules.com\/wp-content\/uploads\/2020\/04\/CASO-3-2-768x432.jpg 768w\" sizes=\"(max-width: 960px) 100vw, 960px\" \/>\t\t\t\t\t\t\t\t\t\t\t\t\t\t\t<\/div>\n\t\t\t\t<\/div>\n\t\t\t\t\t<\/div>\n\t\t<\/div>\n\t\t\t\t<div class=\"elementor-column elementor-col-33 elementor-top-column elementor-element elementor-element-6ed37cc\" data-id=\"6ed37cc\" data-element_type=\"column\">\n\t\t\t<div class=\"elementor-widget-wrap elementor-element-populated\">\n\t\t\t\t\t\t<div class=\"elementor-element elementor-element-8fa1f0a elementor-widget elementor-widget-image\" data-id=\"8fa1f0a\" data-element_type=\"widget\" data-widget_type=\"image.default\">\n\t\t\t\t<div class=\"elementor-widget-container\">\n\t\t\t\t\t\t\t\t\t\t\t\t\t\t\t<img loading=\"lazy\" decoding=\"async\" width=\"960\" height=\"540\" src=\"https:\/\/www.rubber-granules.com\/wp-content\/uploads\/2020\/04\/CASO-3-3.jpg\" class=\"attachment-large size-large wp-image-4436\" alt=\"sostituzione organico con intaso gomma marrone\" srcset=\"https:\/\/www.rubber-granules.com\/wp-content\/uploads\/2020\/04\/CASO-3-3.jpg 960w, https:\/\/www.rubber-granules.com\/wp-content\/uploads\/2020\/04\/CASO-3-3-300x169.jpg 300w, https:\/\/www.rubber-granules.com\/wp-content\/uploads\/2020\/04\/CASO-3-3-768x432.jpg 768w\" sizes=\"(max-width: 960px) 100vw, 960px\" \/>\t\t\t\t\t\t\t\t\t\t\t\t\t\t\t<\/div>\n\t\t\t\t<\/div>\n\t\t\t\t\t<\/div>\n\t\t<\/div>\n\t\t\t\t<div class=\"elementor-column elementor-col-33 elementor-top-column elementor-element elementor-element-6fcb226\" data-id=\"6fcb226\" data-element_type=\"column\">\n\t\t\t<div class=\"elementor-widget-wrap elementor-element-populated\">\n\t\t\t\t\t\t<div class=\"elementor-element elementor-element-5adece4 elementor-widget elementor-widget-image\" data-id=\"5adece4\" data-element_type=\"widget\" data-widget_type=\"image.default\">\n\t\t\t\t<div class=\"elementor-widget-container\">\n\t\t\t\t\t\t\t\t\t\t\t\t\t\t\t<img loading=\"lazy\" decoding=\"async\" width=\"960\" height=\"540\" src=\"https:\/\/www.rubber-granules.com\/wp-content\/uploads\/2020\/04\/CASO-3-3.jpg\" class=\"attachment-large size-large wp-image-4436\" alt=\"sostituzione organico con intaso gomma marrone\" srcset=\"https:\/\/www.rubber-granules.com\/wp-content\/uploads\/2020\/04\/CASO-3-3.jpg 960w, https:\/\/www.rubber-granules.com\/wp-content\/uploads\/2020\/04\/CASO-3-3-300x169.jpg 300w, https:\/\/www.rubber-granules.com\/wp-content\/uploads\/2020\/04\/CASO-3-3-768x432.jpg 768w\" sizes=\"(max-width: 960px) 100vw, 960px\" \/>\t\t\t\t\t\t\t\t\t\t\t\t\t\t\t<\/div>\n\t\t\t\t<\/div>\n\t\t\t\t\t<\/div>\n\t\t<\/div>\n\t\t\t\t\t<\/div>\n\t\t<\/section>\n\t\t\t\t<section class=\"elementor-section elementor-top-section elementor-element elementor-element-092f875 elementor-section-boxed elementor-section-height-default elementor-section-height-default\" data-id=\"092f875\" data-element_type=\"section\">\n\t\t\t\t\t\t<div class=\"elementor-container elementor-column-gap-default\">\n\t\t\t\t\t<div class=\"elementor-column elementor-col-100 elementor-top-column elementor-element elementor-element-7ead41b\" data-id=\"7ead41b\" data-element_type=\"column\">\n\t\t\t<div class=\"elementor-widget-wrap elementor-element-populated\">\n\t\t\t\t\t\t<div class=\"elementor-element elementor-element-d1874c3 elementor-widget elementor-widget-spacer\" data-id=\"d1874c3\" data-element_type=\"widget\" data-widget_type=\"spacer.default\">\n\t\t\t\t<div class=\"elementor-widget-container\">\n\t\t\t\t\t\t\t<div class=\"elementor-spacer\">\n\t\t\t<div class=\"elementor-spacer-inner\"><\/div>\n\t\t<\/div>\n\t\t\t\t\t\t<\/div>\n\t\t\t\t<\/div>\n\t\t\t\t\t<\/div>\n\t\t<\/div>\n\t\t\t\t\t<\/div>\n\t\t<\/section>\n\t\t\t\t<section class=\"elementor-section elementor-top-section elementor-element elementor-element-1879207 elementor-section-boxed elementor-section-height-default elementor-section-height-default\" data-id=\"1879207\" data-element_type=\"section\">\n\t\t\t\t\t\t<div class=\"elementor-container elementor-column-gap-default\">\n\t\t\t\t\t<div class=\"elementor-column elementor-col-100 elementor-top-column elementor-element elementor-element-3e1c704\" data-id=\"3e1c704\" data-element_type=\"column\">\n\t\t\t<div class=\"elementor-widget-wrap elementor-element-populated\">\n\t\t\t\t\t\t<div class=\"elementor-element elementor-element-63d885c elementor-widget elementor-widget-text-editor\" data-id=\"63d885c\" data-element_type=\"widget\" data-widget_type=\"text-editor.default\">\n\t\t\t\t<div class=\"elementor-widget-container\">\n\t\t\t\t\t\t\t\t\t<p>Ces photos montrent une restauration compl\u00e8te gr\u00e2ce \u00e0 notre remplissage Ecolbrown apr\u00e8s que le remplissage organique ait \u00e9t\u00e9 compl\u00e8tement retir\u00e9.<\/p>\t\t\t\t\t\t\t\t<\/div>\n\t\t\t\t<\/div>\n\t\t\t\t\t<\/div>\n\t\t<\/div>\n\t\t\t\t\t<\/div>\n\t\t<\/section>\n\t\t\t\t<\/div>\n\t\t","protected":false},"excerpt":{"rendered":"<p>REMPLISSAGE ORGANIQUE AVEC LE PROBL\u00c8ME DE PLUIE Dans cette \u00e9tude de cas, nous examinerons un probl\u00e8me commun \u00e0 de nombreux terrains en Italie o\u00f9 d\u00e9sormais chacun est pr\u00eat \u00e0 tout pour accro\u00eetre la concurrence commerciale dans le secteur de l&#8217;herbe synth\u00e9tique. Tout le monde sait que le gazon synth\u00e9tique est d\u00e9sormais un produit presque identique [&hellip;]<\/p>\n","protected":false},"author":1,"featured_media":0,"parent":0,"menu_order":0,"comment_status":"closed","ping_status":"closed","template":"elementor_header_footer","meta":{"footnotes":""},"class_list":["post-4431","page","type-page","status-publish","hentry"],"_links":{"self":[{"href":"https:\/\/www.rubber-granules.com\/fr\/wp-json\/wp\/v2\/pages\/4431","targetHints":{"allow":["GET"]}}],"collection":[{"href":"https:\/\/www.rubber-granules.com\/fr\/wp-json\/wp\/v2\/pages"}],"about":[{"href":"https:\/\/www.rubber-granules.com\/fr\/wp-json\/wp\/v2\/types\/page"}],"author":[{"embeddable":true,"href":"https:\/\/www.rubber-granules.com\/fr\/wp-json\/wp\/v2\/users\/1"}],"replies":[{"embeddable":true,"href":"https:\/\/www.rubber-granules.com\/fr\/wp-json\/wp\/v2\/comments?post=4431"}],"version-history":[{"count":7,"href":"https:\/\/www.rubber-granules.com\/fr\/wp-json\/wp\/v2\/pages\/4431\/revisions"}],"predecessor-version":[{"id":8081,"href":"https:\/\/www.rubber-granules.com\/fr\/wp-json\/wp\/v2\/pages\/4431\/revisions\/8081"}],"wp:attachment":[{"href":"https:\/\/www.rubber-granules.com\/fr\/wp-json\/wp\/v2\/media?parent=4431"}],"curies":[{"name":"wp","href":"https:\/\/api.w.org\/{rel}","templated":true}]}}