{"id":4837,"date":"2020-04-14T16:27:58","date_gmt":"2020-04-14T14:27:58","guid":{"rendered":"https:\/\/www.rubber-granules.com\/product\/garden-blue\/"},"modified":"2023-06-20T18:06:03","modified_gmt":"2023-06-20T16:06:03","slug":"garden-blue","status":"publish","type":"product","link":"https:\/\/www.rubber-granules.com\/fr\/produit\/garden-blue\/","title":{"rendered":"Garden Blue | d\u00e9coration bleu paillage jardin"},"content":{"rendered":"<p>Gr\u00e2ce \u00e0 sa couleur Bleu ciel, vous pourrez mettre en valeur votre v\u00e9g\u00e9tation \u00e0 l&#8217;abri des parasites et des insectes, en vous privant de l&#8217;entretien pendant tr\u00e8s longtemps comme expliqu\u00e9 en d\u00e9tail dans la page des produits Paillage de jardin. Une excellente solution pour les environnements en bords de piscine pour faire correspondre les parterres de fleurs avec le th\u00e8me de l&#8217;eau.<br \/>\nConsultez \u00e9galement notre FAQ sur le calcul de la quantit\u00e9 n\u00e9cessaire \u00e0 la r\u00e9alisation de votre espace vert.<\/p>\n","protected":false},"excerpt":{"rendered":"<p>Notre produit Garden Blue est unique sur le march\u00e9 international par type de \u00c9corce bleu offrant la solution id\u00e9ale pour la construction de terrains de jeux, d\u00e9coration de paillage de jardin, de solutions d&#8217;entretien de mobilier urbain.<br \/>\nIl ne provient PAS de pneus recycl\u00e9s, il n&#8217;\u00e9met pas d&#8217;odeur, ilne contient pas d&#8217;hydrocarbures aromatiques polycliniques, il est inoffensif pour l&#8217;environnement et pour l&#8217;homme.<\/p>\n","protected":false},"featured_media":4671,"comment_status":"open","ping_status":"closed","template":"","meta":[],"product_brand":[],"product_cat":[800,797],"product_tag":[807,808,801,803,802,806],"class_list":{"0":"post-4837","1":"product","2":"type-product","3":"status-publish","4":"has-post-thumbnail","6":"product_cat-paillis-de-jardin","7":"product_cat-tous-les-produits","8":"product_tag-blue-fr","9":"product_tag-garden-blue-fr","10":"product_tag-jardin-materiel-decoratif","11":"product_tag-jardin-paillis-caoutchouc","12":"product_tag-sbr-fr","13":"product_tag-sbr-fond-de-jeux","15":"first","16":"instock","17":"sold-individually","18":"taxable","19":"shipping-taxable","20":"purchasable","21":"product-type-variable"},"_links":{"self":[{"href":"https:\/\/www.rubber-granules.com\/fr\/wp-json\/wp\/v2\/product\/4837","targetHints":{"allow":["GET"]}}],"collection":[{"href":"https:\/\/www.rubber-granules.com\/fr\/wp-json\/wp\/v2\/product"}],"about":[{"href":"https:\/\/www.rubber-granules.com\/fr\/wp-json\/wp\/v2\/types\/product"}],"replies":[{"embeddable":true,"href":"https:\/\/www.rubber-granules.com\/fr\/wp-json\/wp\/v2\/comments?post=4837"}],"version-history":[{"count":2,"href":"https:\/\/www.rubber-granules.com\/fr\/wp-json\/wp\/v2\/product\/4837\/revisions"}],"predecessor-version":[{"id":6471,"href":"https:\/\/www.rubber-granules.com\/fr\/wp-json\/wp\/v2\/product\/4837\/revisions\/6471"}],"wp:featuredmedia":[{"embeddable":true,"href":"https:\/\/www.rubber-granules.com\/fr\/wp-json\/wp\/v2\/media\/4671"}],"wp:attachment":[{"href":"https:\/\/www.rubber-granules.com\/fr\/wp-json\/wp\/v2\/media?parent=4837"}],"wp:term":[{"taxonomy":"product_brand","embeddable":true,"href":"https:\/\/www.rubber-granules.com\/fr\/wp-json\/wp\/v2\/product_brand?post=4837"},{"taxonomy":"product_cat","embeddable":true,"href":"https:\/\/www.rubber-granules.com\/fr\/wp-json\/wp\/v2\/product_cat?post=4837"},{"taxonomy":"product_tag","embeddable":true,"href":"https:\/\/www.rubber-granules.com\/fr\/wp-json\/wp\/v2\/product_tag?post=4837"}],"curies":[{"name":"wp","href":"https:\/\/api.w.org\/{rel}","templated":true}]}}