{"id":4901,"date":"2020-04-14T12:16:10","date_gmt":"2020-04-14T10:16:10","guid":{"rendered":"https:\/\/www.rubber-granules.com\/product\/spreadwhite\/"},"modified":"2023-06-20T18:03:45","modified_gmt":"2023-06-20T16:03:45","slug":"spreadwhite","status":"publish","type":"product","link":"https:\/\/www.rubber-granules.com\/fr\/produit\/spreadwhite\/","title":{"rendered":"Spread White"},"content":{"rendered":"<p>La couleur blanche est sp\u00e9cialement r\u00e9alis\u00e9e par notre production pour \u00eatre en harmonie avec votre blanc synth\u00e9tique. La courbe granulom\u00e9trique est micro-filtr\u00e9e afin de ne pas avoir de poudres volatiles lorsque les boules toucheront la piste de jeu et de m\u00eame pendant le roulement. Les boules effectueront la trajectoire donn\u00e9e par la plan\u00e9it\u00e9 du terrain sans aucune alt\u00e9ration. Utilis\u00e9 par de nombreux domaines de la F\u00e9d\u00e9ration FIB pour les championnats professionnels.<br \/>\nConsultez \u00e9galement notre FAQ sur la fa\u00e7on de placer le produit sur la bande de jeu.<\/p>\n","protected":false},"excerpt":{"rendered":"<p>Notre produit Spread White est unique sur le march\u00e9 international par type de produit, offrant la solution id\u00e9ale aux poussi\u00e8res des jeux de boules synth\u00e9tiques.<br \/>\nIl ne provient PAS de pneus recycl\u00e9s, il n&#8217;\u00e9met pas d&#8217;odeur, il ne contient pas d&#8217;hydrocarbures aromatiques polycliniques, il est inoffensif pour l&#8217;environnement et pour l&#8217;homme.<\/p>\n","protected":false},"featured_media":3484,"comment_status":"open","ping_status":"closed","template":"","meta":[],"product_brand":[],"product_cat":[798,797],"product_tag":[813,818,817,816,822,823],"class_list":{"0":"post-4901","1":"product","2":"type-product","3":"status-publish","4":"has-post-thumbnail","6":"product_cat-bouledromes","7":"product_cat-tous-les-produits","8":"product_tag-aire-jeux-bols-en-caoutchouc","9":"product_tag-bols-bondissant-caoutchouc","10":"product_tag-bondir-bols-en-caoutchouc","11":"product_tag-club-de-bols-surface-en-caoutchouc","12":"product_tag-spread-white-fr","13":"product_tag-white-fr","15":"first","16":"outofstock","17":"sold-individually","18":"taxable","19":"shipping-taxable","20":"purchasable","21":"product-type-variable"},"_links":{"self":[{"href":"https:\/\/www.rubber-granules.com\/fr\/wp-json\/wp\/v2\/product\/4901","targetHints":{"allow":["GET"]}}],"collection":[{"href":"https:\/\/www.rubber-granules.com\/fr\/wp-json\/wp\/v2\/product"}],"about":[{"href":"https:\/\/www.rubber-granules.com\/fr\/wp-json\/wp\/v2\/types\/product"}],"replies":[{"embeddable":true,"href":"https:\/\/www.rubber-granules.com\/fr\/wp-json\/wp\/v2\/comments?post=4901"}],"version-history":[{"count":1,"href":"https:\/\/www.rubber-granules.com\/fr\/wp-json\/wp\/v2\/product\/4901\/revisions"}],"predecessor-version":[{"id":6571,"href":"https:\/\/www.rubber-granules.com\/fr\/wp-json\/wp\/v2\/product\/4901\/revisions\/6571"}],"wp:featuredmedia":[{"embeddable":true,"href":"https:\/\/www.rubber-granules.com\/fr\/wp-json\/wp\/v2\/media\/3484"}],"wp:attachment":[{"href":"https:\/\/www.rubber-granules.com\/fr\/wp-json\/wp\/v2\/media?parent=4901"}],"wp:term":[{"taxonomy":"product_brand","embeddable":true,"href":"https:\/\/www.rubber-granules.com\/fr\/wp-json\/wp\/v2\/product_brand?post=4901"},{"taxonomy":"product_cat","embeddable":true,"href":"https:\/\/www.rubber-granules.com\/fr\/wp-json\/wp\/v2\/product_cat?post=4901"},{"taxonomy":"product_tag","embeddable":true,"href":"https:\/\/www.rubber-granules.com\/fr\/wp-json\/wp\/v2\/product_tag?post=4901"}],"curies":[{"name":"wp","href":"https:\/\/api.w.org\/{rel}","templated":true}]}}