{"id":4915,"date":"2020-04-14T12:11:38","date_gmt":"2020-04-14T10:11:38","guid":{"rendered":"https:\/\/www.rubber-granules.com\/product\/refillergreen\/"},"modified":"2023-06-20T18:03:22","modified_gmt":"2023-06-20T16:03:22","slug":"refillergreen","status":"publish","type":"product","link":"https:\/\/www.rubber-granules.com\/fr\/produit\/refillergreen\/","title":{"rendered":"Refiller green | remplissage caoutchouc vert gazon artificiel"},"content":{"rendered":"<p>Son ton vert moyen est optimal pour reboucher le terrain apr\u00e8s plusieurs ann\u00e9es de manque d&#8217;entretien.<br \/>\nLe gazon synth\u00e9tique est-il tr\u00e8s dur pour les rebonds de ballon et le jeu provoque-t-il des distorsions?<br \/>\nUtilisez ce produit facile d\u2019installation m\u00eame avec des fibres \u00e9cras\u00e9es gr\u00e2ce \u00e0 l&#8217;utilisation d&#8217;une brosse \u00e0 poils durs.<br \/>\nConsultez \u00e9galement notre FAQ sur la fa\u00e7on de calculer le montant n\u00e9cessaire pour restaurer votre futur renouvellement de champ.<\/p>\n","protected":false},"excerpt":{"rendered":"<p>Notre produit Refiller Green est unique sur le march\u00e9 pour la solution au probl\u00e8me de gazon synth\u00e9tique concass\u00e9e difficile \u00e0 colmater. Il ne provient PAS de pneus recycl\u00e9s, il n&#8217;\u00e9met pas d&#8217;odeur et il ne tache pas les ballons de jeu comme cela arrive souvent sur les terrain de football artificiel.<\/p>\n","protected":false},"featured_media":4462,"comment_status":"open","ping_status":"closed","template":"","meta":[],"product_brand":[],"product_cat":[799,797],"product_tag":[828,830,829,826,827,824],"class_list":{"0":"post-4915","1":"product","2":"type-product","3":"status-publish","4":"has-post-thumbnail","6":"product_cat-terrains-de-jeux","7":"product_cat-tous-les-produits","8":"product_tag-herbe-synthetique-en-caoutchouc","9":"product_tag-manteau-artificiel-de-remplissage-colore","10":"product_tag-recharge-de-caoutchouc-de-football","11":"product_tag-refiller-fr","12":"product_tag-refillergreen-fr","13":"product_tag-terrains-de-football","15":"first","16":"instock","17":"sold-individually","18":"taxable","19":"shipping-taxable","20":"purchasable","21":"product-type-variable"},"_links":{"self":[{"href":"https:\/\/www.rubber-granules.com\/fr\/wp-json\/wp\/v2\/product\/4915","targetHints":{"allow":["GET"]}}],"collection":[{"href":"https:\/\/www.rubber-granules.com\/fr\/wp-json\/wp\/v2\/product"}],"about":[{"href":"https:\/\/www.rubber-granules.com\/fr\/wp-json\/wp\/v2\/types\/product"}],"replies":[{"embeddable":true,"href":"https:\/\/www.rubber-granules.com\/fr\/wp-json\/wp\/v2\/comments?post=4915"}],"version-history":[{"count":2,"href":"https:\/\/www.rubber-granules.com\/fr\/wp-json\/wp\/v2\/product\/4915\/revisions"}],"predecessor-version":[{"id":6477,"href":"https:\/\/www.rubber-granules.com\/fr\/wp-json\/wp\/v2\/product\/4915\/revisions\/6477"}],"wp:featuredmedia":[{"embeddable":true,"href":"https:\/\/www.rubber-granules.com\/fr\/wp-json\/wp\/v2\/media\/4462"}],"wp:attachment":[{"href":"https:\/\/www.rubber-granules.com\/fr\/wp-json\/wp\/v2\/media?parent=4915"}],"wp:term":[{"taxonomy":"product_brand","embeddable":true,"href":"https:\/\/www.rubber-granules.com\/fr\/wp-json\/wp\/v2\/product_brand?post=4915"},{"taxonomy":"product_cat","embeddable":true,"href":"https:\/\/www.rubber-granules.com\/fr\/wp-json\/wp\/v2\/product_cat?post=4915"},{"taxonomy":"product_tag","embeddable":true,"href":"https:\/\/www.rubber-granules.com\/fr\/wp-json\/wp\/v2\/product_tag?post=4915"}],"curies":[{"name":"wp","href":"https:\/\/api.w.org\/{rel}","templated":true}]}}