{"id":4971,"date":"2020-01-13T10:17:37","date_gmt":"2020-01-13T10:17:37","guid":{"rendered":"https:\/\/www.rubber-granules.com\/product\/ecolmix\/"},"modified":"2023-06-20T18:43:30","modified_gmt":"2023-06-20T16:43:30","slug":"ecolmix","status":"publish","type":"product","link":"https:\/\/www.rubber-granules.com\/fr\/produit\/ecolmix\/","title":{"rendered":"Ecolmix | remplissage caoutchouc vert melange gazon synth\u00e9tique"},"content":{"rendered":"<p>Gr\u00e2ce \u00e0 son m\u00e9lange de couleurs vertes, il donnera \u00e0 votre terrain de football ou de football \u00e0 huit un air de gazon naturel.<br \/>\nLes tons clairs avec lesquels il est produit parviennent \u00e0 \u00e9conomiser de l&#8217;\u00e9lectricit\u00e9 en r\u00e9duisant l&#8217;\u00e9clairage nocturne\u2026 un grand avantage!<br \/>\nConsultez \u00e9galement notre FAQ sur la fa\u00e7on de calculer le montant n\u00e9cessaire pour restaurer votre futur renouvellement de terrain.<\/p>\n","protected":false},"excerpt":{"rendered":"<p>Notre produit Ecolmix color\u00e9 en vert melange est unique sur le march\u00e9 pour ses caract\u00e9ristiques de production et est utilis\u00e9 depuis 15 ans sur le gazon synth\u00e9tique. Il ne provient PAS de pneus recycl\u00e9s, il n&#8217;\u00e9met pas d&#8217;odeur et il ne tache pas les ballons de jeu comme cela arrive souvent sur les terrains synth\u00e9tiques<\/p>\n","protected":false},"featured_media":4458,"comment_status":"open","ping_status":"closed","template":"","meta":[],"product_brand":[],"product_cat":[799,797],"product_tag":[805,835,828,830,829,824],"class_list":{"0":"post-4971","1":"product","2":"type-product","3":"status-publish","4":"has-post-thumbnail","6":"product_cat-terrains-de-jeux","7":"product_cat-tous-les-produits","8":"product_tag-aire-jeux-caoutchouc-colore","9":"product_tag-ecolmix-fr","10":"product_tag-herbe-synthetique-en-caoutchouc","11":"product_tag-manteau-artificiel-de-remplissage-colore","12":"product_tag-recharge-de-caoutchouc-de-football","13":"product_tag-terrains-de-football","15":"first","16":"instock","17":"sold-individually","18":"taxable","19":"shipping-taxable","20":"purchasable","21":"product-type-variable"},"_links":{"self":[{"href":"https:\/\/www.rubber-granules.com\/fr\/wp-json\/wp\/v2\/product\/4971","targetHints":{"allow":["GET"]}}],"collection":[{"href":"https:\/\/www.rubber-granules.com\/fr\/wp-json\/wp\/v2\/product"}],"about":[{"href":"https:\/\/www.rubber-granules.com\/fr\/wp-json\/wp\/v2\/types\/product"}],"replies":[{"embeddable":true,"href":"https:\/\/www.rubber-granules.com\/fr\/wp-json\/wp\/v2\/comments?post=4971"}],"version-history":[{"count":2,"href":"https:\/\/www.rubber-granules.com\/fr\/wp-json\/wp\/v2\/product\/4971\/revisions"}],"predecessor-version":[{"id":6483,"href":"https:\/\/www.rubber-granules.com\/fr\/wp-json\/wp\/v2\/product\/4971\/revisions\/6483"}],"wp:featuredmedia":[{"embeddable":true,"href":"https:\/\/www.rubber-granules.com\/fr\/wp-json\/wp\/v2\/media\/4458"}],"wp:attachment":[{"href":"https:\/\/www.rubber-granules.com\/fr\/wp-json\/wp\/v2\/media?parent=4971"}],"wp:term":[{"taxonomy":"product_brand","embeddable":true,"href":"https:\/\/www.rubber-granules.com\/fr\/wp-json\/wp\/v2\/product_brand?post=4971"},{"taxonomy":"product_cat","embeddable":true,"href":"https:\/\/www.rubber-granules.com\/fr\/wp-json\/wp\/v2\/product_cat?post=4971"},{"taxonomy":"product_tag","embeddable":true,"href":"https:\/\/www.rubber-granules.com\/fr\/wp-json\/wp\/v2\/product_tag?post=4971"}],"curies":[{"name":"wp","href":"https:\/\/api.w.org\/{rel}","templated":true}]}}