{"id":6813,"date":"2020-11-05T16:13:13","date_gmt":"2020-11-05T15:13:13","guid":{"rendered":"https:\/\/www.rubber-granules.com\/?post_type=product&#038;p=6813"},"modified":"2026-04-17T21:24:31","modified_gmt":"2026-04-17T19:24:31","slug":"garden-white-decoration-blanche-paillage-jardin","status":"publish","type":"product","link":"https:\/\/www.rubber-granules.com\/fr\/produit\/garden-white-decoration-blanche-paillage-jardin\/","title":{"rendered":"Garden White | d\u00e9coration blanche paillage jardin"},"content":{"rendered":"<p>Gr\u00e2ce \u00e0 sa couleur blanche, il se marie bien avec la v\u00e9g\u00e9tation d&#8217;un jardin, en lui donnant un aspect agr\u00e9able et il ne n\u00e9cessitera pas d\u2019entretien pour une longue dur\u00e9e, comme expliqu\u00e9 en d\u00e9tail dans la page des produits Caoutchouc Jardin.<br \/>\nConsultez \u00e9galement notre FAQ sur le calcul de la quantit\u00e9 n\u00e9cessaire \u00e0 la r\u00e9alisation de votre espace vert.<\/p>\n","protected":false},"excerpt":{"rendered":"<p><em>Garden White<\/em> transforme les am\u00e9nagements paysagers par un contraste contemporain et audacieux. Ce paillis en caoutchouc vierge (6\u201312 mm) offre une esth\u00e9tique moderne et une durabilit\u00e9 traditionnelle \u2014 pas de pourriture, pas d\u2019insectes, pas de remplacement annuel. <strong>Garantie 25 ans.<\/strong><\/p>\n","protected":false},"featured_media":5045,"comment_status":"open","ping_status":"closed","template":"","meta":[],"product_brand":[],"product_cat":[800,797],"product_tag":[804,801,803,802,806],"class_list":{"0":"post-6813","1":"product","2":"type-product","3":"status-publish","4":"has-post-thumbnail","6":"product_cat-paillis-de-jardin","7":"product_cat-tous-les-produits","8":"product_tag-eco-produits-paysage","9":"product_tag-jardin-materiel-decoratif","10":"product_tag-jardin-paillis-caoutchouc","11":"product_tag-sbr-fr","12":"product_tag-sbr-fond-de-jeux","14":"first","15":"outofstock","16":"sold-individually","17":"taxable","18":"shipping-taxable","19":"purchasable","20":"product-type-variable"},"_links":{"self":[{"href":"https:\/\/www.rubber-granules.com\/fr\/wp-json\/wp\/v2\/product\/6813","targetHints":{"allow":["GET"]}}],"collection":[{"href":"https:\/\/www.rubber-granules.com\/fr\/wp-json\/wp\/v2\/product"}],"about":[{"href":"https:\/\/www.rubber-granules.com\/fr\/wp-json\/wp\/v2\/types\/product"}],"replies":[{"embeddable":true,"href":"https:\/\/www.rubber-granules.com\/fr\/wp-json\/wp\/v2\/comments?post=6813"}],"version-history":[{"count":2,"href":"https:\/\/www.rubber-granules.com\/fr\/wp-json\/wp\/v2\/product\/6813\/revisions"}],"predecessor-version":[{"id":9395,"href":"https:\/\/www.rubber-granules.com\/fr\/wp-json\/wp\/v2\/product\/6813\/revisions\/9395"}],"wp:featuredmedia":[{"embeddable":true,"href":"https:\/\/www.rubber-granules.com\/fr\/wp-json\/wp\/v2\/media\/5045"}],"wp:attachment":[{"href":"https:\/\/www.rubber-granules.com\/fr\/wp-json\/wp\/v2\/media?parent=6813"}],"wp:term":[{"taxonomy":"product_brand","embeddable":true,"href":"https:\/\/www.rubber-granules.com\/fr\/wp-json\/wp\/v2\/product_brand?post=6813"},{"taxonomy":"product_cat","embeddable":true,"href":"https:\/\/www.rubber-granules.com\/fr\/wp-json\/wp\/v2\/product_cat?post=6813"},{"taxonomy":"product_tag","embeddable":true,"href":"https:\/\/www.rubber-granules.com\/fr\/wp-json\/wp\/v2\/product_tag?post=6813"}],"curies":[{"name":"wp","href":"https:\/\/api.w.org\/{rel}","templated":true}]}}