{"id":7055,"date":"2021-03-14T17:22:02","date_gmt":"2021-03-14T16:22:02","guid":{"rendered":"https:\/\/www.rubber-granules.com\/?post_type=product&#038;p=7055"},"modified":"2026-03-14T09:08:44","modified_gmt":"2026-03-14T08:08:44","slug":"play-orange-granule-caoutchouc-anti-traumatisme-pour-surfaces-sportives-copia","status":"publish","type":"product","link":"https:\/\/www.rubber-granules.com\/fr\/produit\/play-orange-granule-caoutchouc-anti-traumatisme-pour-surfaces-sportives-copia\/","title":{"rendered":"Play Orange | granule caoutchouc anti-traumatisme pour surfaces sportives"},"content":{"rendered":"<p>Apportons un exemple d&#8217;utilisation:<\/p>\n<p>6 kg de granul\u00e9s Play Orange m\u00e9lang\u00e9s \u00e0 1,2 kg de colle sont n\u00e9cessaires pour cr\u00e9er un m\u00e8tre carr\u00e9 d&#8217;une \u00e9paisseur d&#8217;un centim\u00e8tre.<\/p>\n<p>Les deux produits sont m\u00e9lang\u00e9s dans un seau de peinture de 20 litres \u00e0 l&#8217;aide d&#8217;une perceuse commerciale \u00e9quip\u00e9e d&#8217;un fouet<a href=\"https:\/\/www.rubber-granules.com\/fr\/?attachment_id=6966\" rel=\"attachment wp-att-6966\"><img decoding=\"async\" class=\" wp-image-6966 alignnone\" src=\"https:\/\/www.rubber-granules.com\/wp-content\/uploads\/2020\/11\/trapano-con-frusta-miscelatrice-300x300.jpg\" alt=\"\" width=\"159\" height=\"159\" srcset=\"https:\/\/www.rubber-granules.com\/wp-content\/uploads\/2020\/11\/trapano-con-frusta-miscelatrice-300x300.jpg 300w, https:\/\/www.rubber-granules.com\/wp-content\/uploads\/2020\/11\/trapano-con-frusta-miscelatrice-150x150.jpg 150w, https:\/\/www.rubber-granules.com\/wp-content\/uploads\/2020\/11\/trapano-con-frusta-miscelatrice-180x180.jpg 180w, https:\/\/www.rubber-granules.com\/wp-content\/uploads\/2020\/11\/trapano-con-frusta-miscelatrice-120x120.jpg 120w, https:\/\/www.rubber-granules.com\/wp-content\/uploads\/2020\/11\/trapano-con-frusta-miscelatrice-240x240.jpg 240w, https:\/\/www.rubber-granules.com\/wp-content\/uploads\/2020\/11\/trapano-con-frusta-miscelatrice.jpg 400w\" sizes=\"(max-width: 159px) 100vw, 159px\" \/><\/a><\/p>\n<p>en \u00e9talant et modelant manuellement avec un couteau \u00e0 mastic (24cm x 10cm)<a href=\"https:\/\/www.rubber-granules.com\/fr\/?attachment_id=6963\" rel=\"attachment wp-att-6963\"><img decoding=\"async\" class=\"wp-image-6963 alignnone\" src=\"https:\/\/www.rubber-granules.com\/wp-content\/uploads\/2020\/11\/SPATOLA-PER-STUCCO-300x178.jpg\" alt=\"\" width=\"218\" height=\"130\" srcset=\"https:\/\/www.rubber-granules.com\/wp-content\/uploads\/2020\/11\/SPATOLA-PER-STUCCO-300x178.jpg 300w, https:\/\/www.rubber-granules.com\/wp-content\/uploads\/2020\/11\/SPATOLA-PER-STUCCO.jpg 425w\" sizes=\"(max-width: 218px) 100vw, 218px\" \/><\/a><\/p>\n<p>Laisser s\u00e9cher pendant 24 heures et la surface sera alors praticable.<\/p>\n<p>Pour des \u00e9paisseurs plus importantes, il suffit de doubler les quantit\u00e9s.<\/p>\n<p>Il est important de porter des gants de protection et de ne pas entrer en contact avec les yeux et la bouche. L&#8217;adh\u00e9sif r\u00e9agit rapidement avec l&#8217;humidit\u00e9 et l&#8217;eau; Fermez l&#8217;emballage adh\u00e9sif imm\u00e9diatement apr\u00e8s utilisation.<\/p>\n","protected":false},"excerpt":{"rendered":"<p>Enfin en ligne notre produit Play Orange tr\u00e8s appr\u00e9ci\u00e9 des amateurs de chiens d&#8217;agilit\u00e9 pour la r\u00e9novation de leurs outils de dressage.<\/p>\n<p>Il est compos\u00e9 d&#8217;un granule de caoutchouc issu de sources \u00e9co-durables permettant de cr\u00e9er la surface color\u00e9e sur laquelle votre chiot pourra s&#8217;exercer lors des stages. L&#8217;installation est r\u00e9alis\u00e9e \u00e0 l&#8217;aide d&#8217;une colle sp\u00e9ciale que vous trouverez en ligne \u00e0 la dose en poids de 20%. Suivez la &#8220;br\u00e8ve description du produit&#8221; o\u00f9 un exemple est montr\u00e9.<\/p>\n","protected":false},"featured_media":4494,"comment_status":"open","ping_status":"closed","template":"","meta":[],"product_brand":[],"product_cat":[995,797],"product_tag":[802],"class_list":{"0":"post-7055","1":"product","2":"type-product","3":"status-publish","4":"has-post-thumbnail","6":"product_cat-play-rubber-anti-trauma","7":"product_cat-tous-les-produits","8":"product_tag-sbr-fr","10":"first","11":"instock","12":"sold-individually","13":"taxable","14":"shipping-taxable","15":"purchasable","16":"product-type-variable"},"_links":{"self":[{"href":"https:\/\/www.rubber-granules.com\/fr\/wp-json\/wp\/v2\/product\/7055","targetHints":{"allow":["GET"]}}],"collection":[{"href":"https:\/\/www.rubber-granules.com\/fr\/wp-json\/wp\/v2\/product"}],"about":[{"href":"https:\/\/www.rubber-granules.com\/fr\/wp-json\/wp\/v2\/types\/product"}],"replies":[{"embeddable":true,"href":"https:\/\/www.rubber-granules.com\/fr\/wp-json\/wp\/v2\/comments?post=7055"}],"version-history":[{"count":1,"href":"https:\/\/www.rubber-granules.com\/fr\/wp-json\/wp\/v2\/product\/7055\/revisions"}],"predecessor-version":[{"id":7094,"href":"https:\/\/www.rubber-granules.com\/fr\/wp-json\/wp\/v2\/product\/7055\/revisions\/7094"}],"wp:featuredmedia":[{"embeddable":true,"href":"https:\/\/www.rubber-granules.com\/fr\/wp-json\/wp\/v2\/media\/4494"}],"wp:attachment":[{"href":"https:\/\/www.rubber-granules.com\/fr\/wp-json\/wp\/v2\/media?parent=7055"}],"wp:term":[{"taxonomy":"product_brand","embeddable":true,"href":"https:\/\/www.rubber-granules.com\/fr\/wp-json\/wp\/v2\/product_brand?post=7055"},{"taxonomy":"product_cat","embeddable":true,"href":"https:\/\/www.rubber-granules.com\/fr\/wp-json\/wp\/v2\/product_cat?post=7055"},{"taxonomy":"product_tag","embeddable":true,"href":"https:\/\/www.rubber-granules.com\/fr\/wp-json\/wp\/v2\/product_tag?post=7055"}],"curies":[{"name":"wp","href":"https:\/\/api.w.org\/{rel}","templated":true}]}}